{"id":1410,"date":"2022-12-22T15:32:09","date_gmt":"2022-12-22T15:32:09","guid":{"rendered":"https:\/\/www.mviannacruz.com\/home\/"},"modified":"2022-12-22T15:34:12","modified_gmt":"2022-12-22T15:34:12","slug":"home","status":"publish","type":"page","link":"https:\/\/www.mviannacruz.com\/pt-br\/","title":{"rendered":"Biografia"},"content":{"rendered":"\n<p>Marcelo Vianna Cruz, Brasileiro, nascido em Belo Horizonte, ingressou em 1993 na Civica Scuola di Liuteria di Milano e diplomou-se en 1998 como Maestro Operatore Liutaio e Restauratore Liutaio.<\/p>\n\n\n\n<p><strong>Tendo como docentes:<\/strong><br>Lorenzo Girodo (Hist\u00f3ria dos instrumentos musicais)<br>Claudio Canevari ( F\u00edsica Ac\u00fastica, Qu\u00edmica e T\u00e9cnica de documenta\u00e7\u00e3o de Restaura\u00e7\u00e3o)<br>Renzo Mandelli (Prepara\u00e7\u00e3o e aplica\u00e7\u00e3o de vernizes em Luteria)<br>Gabrile Negri (Laborat\u00f3rio de Restaura\u00e7\u00e3o)<br>Luca Primon (Laboratorio de Luteria)<\/p>\n","protected":false},"excerpt":{"rendered":"<p>Marcelo Vianna Cruz, Brasileiro, nascido em Belo Horizonte, ingressou em 1993 na Civica Scuola di Liuteria di Milano e diplomou-se en 1998 como Maestro Operatore Liutaio e Restauratore Liutaio. Tendo como docentes:Lorenzo Girodo (Hist\u00f3ria dos instrumentos musicais)Claudio Canevari ( F\u00edsica Ac\u00fastica, Qu\u00edmica e T\u00e9cnica de documenta\u00e7\u00e3o de Restaura\u00e7\u00e3o)Renzo Mandelli (Prepara\u00e7\u00e3o e aplica\u00e7\u00e3o de vernizes em [&hellip;]<\/p>\n","protected":false},"author":1,"featured_media":65,"parent":0,"menu_order":0,"comment_status":"closed","ping_status":"closed","template":"page-homepage.php","meta":{"_acf_changed":false,"footnotes":""},"class_list":["post-1410","page","type-page","status-publish","has-post-thumbnail","hentry"],"acf":[],"_links":{"self":[{"href":"https:\/\/www.mviannacruz.com\/pt-br\/wp-json\/wp\/v2\/pages\/1410","targetHints":{"allow":["GET"]}}],"collection":[{"href":"https:\/\/www.mviannacruz.com\/pt-br\/wp-json\/wp\/v2\/pages"}],"about":[{"href":"https:\/\/www.mviannacruz.com\/pt-br\/wp-json\/wp\/v2\/types\/page"}],"author":[{"embeddable":true,"href":"https:\/\/www.mviannacruz.com\/pt-br\/wp-json\/wp\/v2\/users\/1"}],"replies":[{"embeddable":true,"href":"https:\/\/www.mviannacruz.com\/pt-br\/wp-json\/wp\/v2\/comments?post=1410"}],"version-history":[{"count":2,"href":"https:\/\/www.mviannacruz.com\/pt-br\/wp-json\/wp\/v2\/pages\/1410\/revisions"}],"predecessor-version":[{"id":1415,"href":"https:\/\/www.mviannacruz.com\/pt-br\/wp-json\/wp\/v2\/pages\/1410\/revisions\/1415"}],"wp:featuredmedia":[{"embeddable":true,"href":"https:\/\/www.mviannacruz.com\/pt-br\/wp-json\/wp\/v2\/media\/65"}],"wp:attachment":[{"href":"https:\/\/www.mviannacruz.com\/pt-br\/wp-json\/wp\/v2\/media?parent=1410"}],"curies":[{"name":"wp","href":"https:\/\/api.w.org\/{rel}","templated":true}]}}